{"id":700,"date":"2021-09-23T19:48:03","date_gmt":"2021-09-23T19:48:03","guid":{"rendered":"https:\/\/islandsturnar.is\/en\/?page_id=700"},"modified":"2025-05-21T18:01:24","modified_gmt":"2025-05-21T18:01:24","slug":"about-us","status":"publish","type":"page","link":"https:\/\/islandsturnar.is\/en\/about-us\/","title":{"rendered":"About us"},"content":{"rendered":"<p>[et_pb_section fb_built=&#8221;1&#8243; custom_padding_last_edited=&#8221;on|tablet&#8221; admin_label=&#8221;CTA 1&#8243; module_class=&#8221;sfly_cta sfly_cta_1&#8243; _builder_version=&#8221;4.16&#8243; custom_margin=&#8221;-2px||||false|false&#8221; custom_margin_tablet=&#8221;&#8221; custom_margin_phone=&#8221;0px||||false|false&#8221; custom_margin_last_edited=&#8221;on|phone&#8221; custom_padding=&#8221;|||&#8221; custom_padding_tablet=&#8221;|||&#8221; custom_padding_phone=&#8221;40px||||false|false&#8221; saved_tabs=&#8221;all&#8221; global_colors_info=&#8221;{}&#8221;][et_pb_row _builder_version=&#8221;4.16&#8243; custom_margin_tablet=&#8221;&#8221; custom_margin_phone=&#8221;0px||||false|false&#8221; custom_margin_last_edited=&#8221;on|phone&#8221; custom_padding=&#8221;0px||0px||false|false&#8221; global_colors_info=&#8221;{}&#8221;][et_pb_column type=&#8221;4_4&#8243; _builder_version=&#8221;4.16&#8243; custom_padding=&#8221;|||&#8221; global_colors_info=&#8221;{}&#8221; custom_padding__hover=&#8221;|||&#8221;][et_pb_text content_tablet=&#8221;<\/p>\n<p style=%22text-align: left;%22>\u00cdslandsTurnar was created in 2021, owning and operating a portfolio of %91367%93 active telecommunications sites across Iceland. It is supported by its shareholder DigitalBridge, a pioneer of the digital infrastructure investment landscape. \u00cdslandsTurnar is the largest independent, privately owned mobile and broadcast infrastructure provider in Iceland, actively investing in the development of the country\u2019s connectivity.<\/p>\n<p>&#8221; content_phone=&#8221;<\/p>\n<p style=%22text-align: left;%22>\u00cdslandsTurnar was created in 2021, owning and operating a portfolio of %91367%93 active telecommunications sites across Iceland. It is supported by its shareholder DigitalBridge, a pioneer of the digital infrastructure investment landscape. \u00cdslandsTurnar is the largest independent, privately owned mobile and broadcast infrastructure provider in Iceland, actively investing in the development of the country\u2019s connectivity.<\/p>\n<p>&#8221; content_last_edited=&#8221;on|desktop&#8221; _builder_version=&#8221;4.16&#8243; text_font=&#8221;Maitree|700|||||||&#8221; text_font_size=&#8221;21px&#8221; text_line_height=&#8221;1.4em&#8221; header_font=&#8221;Anton||||||||&#8221; header_3_font=&#8221;Anton||||||||&#8221; text_font_tablet=&#8221;&#8221; text_font_phone=&#8221;&#8221; text_font_last_edited=&#8221;on|phone&#8221; text_font_size_tablet=&#8221;&#8221; text_font_size_phone=&#8221;16px&#8221; text_font_size_last_edited=&#8221;on|phone&#8221; global_colors_info=&#8221;{}&#8221;]<\/p>\n<p style=\"text-align: left;\">\u00cdslandsTurnar was created in 2021, owning and operating a portfolio of active telecommunications sites across Iceland. It is supported by its shareholder DigitalBridge, a pioneer of the digital infrastructure investment landscape. \u00cdslandsTurnar is the largest independent, privately owned mobile and broadcast infrastructure provider in Iceland, actively investing in the development of the country\u2019s connectivity.<\/p>\n<p>[\/et_pb_text][\/et_pb_column][\/et_pb_row][et_pb_row column_structure=&#8221;1_2,1_2&#8243; _builder_version=&#8221;4.22.1&#8243; _module_preset=&#8221;default&#8221; global_colors_info=&#8221;{}&#8221;][et_pb_column type=&#8221;1_2&#8243; _builder_version=&#8221;4.16&#8243; _module_preset=&#8221;default&#8221; global_colors_info=&#8221;{}&#8221;][et_pb_text _builder_version=&#8221;4.22.1&#8243; text_font=&#8221;Maitree||||||||&#8221; text_font_size=&#8221;16px&#8221; header_font=&#8221;Raleway|900|||||||&#8221; header_font_size=&#8221;16px&#8221; header_letter_spacing=&#8221;0.1px&#8221; header_line_height=&#8221;1.1em&#8221; header_3_font=&#8221;Anton||||||||&#8221; header_font_tablet=&#8221;&#8221; header_font_phone=&#8221;&#8221; header_font_last_edited=&#8221;on|phone&#8221; global_colors_info=&#8221;{}&#8221;]<\/p>\n<h1 style=\"text-align: left;\">Enabling Mobile and Internet Connectivity<\/h1>\n<p style=\"text-align: left;\">\u00cdslandsTurnar\u2019s portfolio comprises high-rise towers, rooftop sites and smart ground poles, offering a variety of neutral host infrastructure solutions to allow our clients to offer stronger and more efficient coverage and connectivity. Our model is based on infrastructure sharing, allowing our clients an effective allocation of resources so they can provide more competitive solutions to the end mobile users.<\/p>\n<p>[\/et_pb_text][\/et_pb_column][et_pb_column type=&#8221;1_2&#8243; _builder_version=&#8221;4.16&#8243; _module_preset=&#8221;default&#8221; global_colors_info=&#8221;{}&#8221;][et_pb_text _builder_version=&#8221;4.22.1&#8243; text_font=&#8221;Maitree||||||||&#8221; text_font_size=&#8221;16px&#8221; header_font=&#8221;Raleway|900|||||||&#8221; header_font_size=&#8221;16px&#8221; header_letter_spacing=&#8221;0.1px&#8221; header_line_height=&#8221;1.1em&#8221; header_3_font=&#8221;Anton||||||||&#8221; header_font_last_edited=&#8221;off|desktop&#8221; global_colors_info=&#8221;{}&#8221;]<\/p>\n<h1 style=\"text-align: left;\">Operations based on experience and knowledge<\/h1>\n<p style=\"text-align: left;\"><strong>\u00cdslandsTurnar is<\/strong> led by a seasoned team of industry experts, including former senior leaders of Icelandic operators. Combining our knowledge and practices with the world-renowned expertise and experience of our DigitalBridge sister companies ensures <strong>\u00cdslandsTurnar<\/strong> can offer the fastest, friendliest and most flexible experience to our clients and partners.<\/p>\n<p>[\/et_pb_text][\/et_pb_column][\/et_pb_row][et_pb_row module_class=&#8221;starfsfolk&#8221; _builder_version=&#8221;4.22.1&#8243; _module_preset=&#8221;default&#8221; custom_padding=&#8221;0px||0px|||&#8221; locked=&#8221;off&#8221; global_colors_info=&#8221;{}&#8221;][et_pb_column type=&#8221;4_4&#8243; _builder_version=&#8221;4.22.1&#8243; _module_preset=&#8221;default&#8221; global_colors_info=&#8221;{}&#8221;][et_pb_image src=&#8221;https:\/\/islandsturnar.is\/wp-content\/uploads\/2021\/12\/RadioWaves.png&#8221; title_text=&#8221;RadioWaves&#8221; align=&#8221;center&#8221; _builder_version=&#8221;4.22.1&#8243; _module_preset=&#8221;default&#8221; width=&#8221;100%&#8221; max_width=&#8221;51%&#8221; max_width_tablet=&#8221;100%&#8221; max_width_phone=&#8221;100%&#8221; max_width_last_edited=&#8221;on|phone&#8221; global_colors_info=&#8221;{}&#8221;][\/et_pb_image][et_pb_heading title=&#8221;The team&#8221; title_tablet=&#8221;Starfsmenn&#8221; title_phone=&#8221;Starfsmenn&#8221; title_last_edited=&#8221;off|tablet&#8221; _builder_version=&#8221;4.22.1&#8243; _module_preset=&#8221;default&#8221; title_level=&#8221;h3&#8243; custom_padding=&#8221;||10px||false|false&#8221; custom_padding_tablet=&#8221;||2px||false|false&#8221; custom_padding_phone=&#8221;||2px||false|false&#8221; custom_padding_last_edited=&#8221;on|desktop&#8221; global_colors_info=&#8221;{}&#8221;][\/et_pb_heading][\/et_pb_column][\/et_pb_row][et_pb_row column_structure=&#8221;1_3,1_3,1_3&#8243; module_class=&#8221;starfsfolk&#8221; _builder_version=&#8221;4.22.1&#8243; _module_preset=&#8221;default&#8221; width_tablet=&#8221;&#8221; width_phone=&#8221;auto&#8221; width_last_edited=&#8221;on|phone&#8221; module_alignment=&#8221;center&#8221; custom_padding=&#8221;13px||36px|||&#8221; locked=&#8221;off&#8221; global_colors_info=&#8221;{}&#8221; theme_builder_area=&#8221;post_content&#8221;][et_pb_column type=&#8221;1_3&#8243; _builder_version=&#8221;4.22.1&#8243; _module_preset=&#8221;default&#8221; global_colors_info=&#8221;{}&#8221; theme_builder_area=&#8221;post_content&#8221;][et_pb_text _builder_version=&#8221;4.27.0&#8243; text_font=&#8221;Maitree||||||||&#8221; text_font_size=&#8221;16px&#8221; header_font=&#8221;Raleway|600|||||||&#8221; header_font_size=&#8221;17px&#8221; header_letter_spacing=&#8221;-1px&#8221; header_line_height=&#8221;0em&#8221; header_3_font=&#8221;Anton||||||||&#8221; header_font_tablet=&#8221;&#8221; header_font_phone=&#8221;&#8221; header_font_last_edited=&#8221;on|phone&#8221; custom_css_main_element=&#8221;filter: grayscale()&#8221; locked=&#8221;off&#8221; global_colors_info=&#8221;{}&#8221; theme_builder_area=&#8221;post_content&#8221;]<\/p>\n<p style=\"text-align: left;\"><span><strong><img loading=\"lazy\" decoding=\"async\" src=\"https:\/\/islandsturnar.is\/wp-content\/uploads\/2023\/09\/KAJMynd-e1694103896720-300x300.webp\" width=\"90\" height=\"90\" alt=\"\" class=\"wp-image-1434 alignleft size-medium\" \/>Kjartan Ari J\u00f3nsson<\/strong><br \/><\/span><span>Managing Director<br \/><\/span><span><a href=\"mailto:kjartan@islandsturnar.is\">kjartan@islandsturnar.is<\/a><br \/><\/span><a href=\"tel:6177839\">Tel: 617 7839<\/a><span><\/span><\/p>\n<p>[\/et_pb_text][\/et_pb_column][et_pb_column type=&#8221;1_3&#8243; _builder_version=&#8221;4.22.1&#8243; _module_preset=&#8221;default&#8221; global_colors_info=&#8221;{}&#8221; theme_builder_area=&#8221;post_content&#8221;][et_pb_text _builder_version=&#8221;4.27.2&#8243; text_font=&#8221;Maitree||||||||&#8221; text_font_size=&#8221;16px&#8221; header_font=&#8221;Raleway|600|||||||&#8221; header_font_size=&#8221;17px&#8221; header_letter_spacing=&#8221;-1px&#8221; header_line_height=&#8221;0em&#8221; header_3_font=&#8221;Anton||||||||&#8221; header_font_tablet=&#8221;&#8221; header_font_phone=&#8221;&#8221; header_font_last_edited=&#8221;on|phone&#8221; custom_css_main_element=&#8221;filter: grayscale()&#8221; locked=&#8221;off&#8221; global_colors_info=&#8221;{}&#8221; theme_builder_area=&#8221;post_content&#8221;]<\/p>\n<p style=\"text-align: left;\"><span><strong><img loading=\"lazy\" decoding=\"async\" src=\"https:\/\/islandsturnar.is\/wp-content\/uploads\/2024\/10\/bjarki_mynd-e1729728062455-300x300.jpg\" width=\"90\" height=\"90\" alt=\"\" class=\"wp-image-1599 alignleft size-medium\" \/>Bjarki Gu\u00f0mundsson<\/strong><br \/><\/span><span>Civil engineer<br \/><\/span><span><a href=\"mailto:bjarki@islandsturnar.is\">bjarki@islandsturnar.is<\/a><br \/><a href=\"tel:7803336\">Tel: 780 3336<\/a><\/span><span><\/span><\/p>\n<p>[\/et_pb_text][\/et_pb_column][et_pb_column type=&#8221;1_3&#8243; _builder_version=&#8221;4.27.4&#8243; _module_preset=&#8221;default&#8221; global_colors_info=&#8221;{}&#8221; theme_builder_area=&#8221;post_content&#8221;][et_pb_text _builder_version=&#8221;4.22.1&#8243; text_font=&#8221;Maitree||||||||&#8221; text_font_size=&#8221;16px&#8221; header_font=&#8221;Raleway|600|||||||&#8221; header_font_size=&#8221;17px&#8221; header_letter_spacing=&#8221;-1px&#8221; header_line_height=&#8221;0em&#8221; header_3_font=&#8221;Anton||||||||&#8221; header_font_tablet=&#8221;&#8221; header_font_phone=&#8221;&#8221; header_font_last_edited=&#8221;on|phone&#8221; custom_css_main_element=&#8221;filter: grayscale()&#8221; locked=&#8221;off&#8221; global_colors_info=&#8221;{}&#8221; theme_builder_area=&#8221;post_content&#8221;]<\/p>\n<p style=\"text-align: left;\"><span><strong><img loading=\"lazy\" decoding=\"async\" src=\"https:\/\/islandsturnar.is\/wp-content\/uploads\/2023\/09\/hr-1-e1694098333363-300x300.jpg\" width=\"90\" height=\"90\" alt=\"\" class=\"wp-image-1422 alignleft size-medium\" \/>Hlynur Ragnarsson<\/strong><br \/><\/span><span>Key account manager<br \/><\/span><span><a href=\"mailto:hlynur@islandsturnar.is\">hlynur@islandsturnar.is<\/a><br \/><a href=\"tel:6248080\">Tel: 624 8080<\/a><\/span><span><\/span><\/p>\n<p>[\/et_pb_text][\/et_pb_column][\/et_pb_row][\/et_pb_section][et_pb_section fb_built=&#8221;1&#8243; admin_label=&#8221;Contact 1&#8243; module_class=&#8221;sfly_contact sfly_contact_1&#8243; _builder_version=&#8221;4.14.7&#8243; custom_padding=&#8221;1px||0px|||&#8221; border_color_top=&#8221;#e2e2e2&#8243; global_module=&#8221;687&#8243; saved_tabs=&#8221;all&#8221; global_colors_info=&#8221;{}&#8221;][et_pb_row _builder_version=&#8221;4.16&#8243; custom_padding=&#8221;2px||7px|||&#8221; global_colors_info=&#8221;{}&#8221;][et_pb_column type=&#8221;4_4&#8243; module_class=&#8221;column2&#8243; _builder_version=&#8221;4.16&#8243; custom_padding=&#8221;|||&#8221; global_colors_info=&#8221;{}&#8221; custom_padding__hover=&#8221;|||&#8221;][et_pb_image src=&#8221;https:\/\/islandsturnar.is\/en\/wp-content\/uploads\/2021\/09\/IT-logoname-240&#215;240-1.jpg&#8221; title_text=&#8221;IT-logo+name-240&#215;240&#8243; align=&#8221;center&#8221; _builder_version=&#8221;4.16&#8243; _module_preset=&#8221;default&#8221; width=&#8221;14%&#8221; width_tablet=&#8221;&#8221; width_phone=&#8221;48%&#8221; width_last_edited=&#8221;on|phone&#8221; custom_margin=&#8221;67px||||false|false&#8221; global_colors_info=&#8221;{}&#8221;][\/et_pb_image][et_pb_text _builder_version=&#8221;4.27.4&#8243; text_font=&#8221;Maitree|300|||||||&#8221; text_font_size=&#8221;19px&#8221; header_font=&#8221;Anton||||||||&#8221; header_3_font=&#8221;Anton||||||||&#8221; custom_margin=&#8221;-38px||||false|false&#8221; locked=&#8221;off&#8221; global_colors_info=&#8221;{}&#8221;]<\/p>\n<p style=\"text-align: center;\"><span class=\"html-span xdj266r x11i5rnm xat24cr x1mh8g0r xexx8yu x4uap5 x18d9i69 xkhd6sd x1hl2dhg x16tdsg8 x1vvkbs x4k7w5x x1h91t0o x1h9r5lt x1jfb8zj xv2umb2 x1beo9mf xaigb6o x12ejxvf x3igimt xarpa2k xedcshv x1lytzrv x1t2pt76 x7ja8zs x1qrby5j\"><span class=\"x1lliihq x1plvlek xryxfnj x1n2onr6 x1ji0vk5 x18bv5gf x193iq5w xeuugli x13faqbe x1vvkbs x1s928wv xhkezso x1gmr53x x1cpjm7i x1fgarty x1943h6x x1xmvt09 x6prxxf x1fcty0u xw2npq5 xudqn12 x3x7a5m xq9mrsl\" style=\"----base-line-clamp-line-height: 19.9995px; --lineheight: 19.9995px;\" dir=\"auto\">S\u00ed\u00f0um\u00fali 28<\/span><\/span><br \/>108 Reykjav\u00edk<br \/>Tel +354 419 9800<br \/>Kt. 541220-0700<br \/><a href=\"mailto:islandsturnar@islandsturnar.is\">islandsturnar@islandsturnar.is<\/a><br \/>www.islandsturnar.is<\/p>\n<p>[\/et_pb_text][\/et_pb_column][\/et_pb_row][et_pb_row _builder_version=&#8221;4.16&#8243; _module_preset=&#8221;default&#8221; global_colors_info=&#8221;{}&#8221;][et_pb_column type=&#8221;4_4&#8243; _builder_version=&#8221;4.16&#8243; _module_preset=&#8221;default&#8221; global_colors_info=&#8221;{}&#8221;][et_pb_text _builder_version=&#8221;4.16&#8243; _module_preset=&#8221;default&#8221; text_font=&#8221;Maitree||||||||&#8221; text_font_size=&#8221;16px&#8221; text_orientation_tablet=&#8221;&#8221; text_orientation_phone=&#8221;center&#8221; text_orientation_last_edited=&#8221;on|phone&#8221; global_colors_info=&#8221;{}&#8221;]<\/p>\n<p>2022. \u00a9 All rights reserved<\/p>\n<p>[\/et_pb_text][\/et_pb_column][\/et_pb_row][\/et_pb_section]<\/p>\n","protected":false},"excerpt":{"rendered":"<p>\u00cdslandsTurnar was created in 2021, owning and operating a portfolio of active telecommunications sites across Iceland. It is supported by its shareholder DigitalBridge, a pioneer of the digital infrastructure investment landscape. \u00cdslandsTurnar is the largest independent, privately owned mobile and broadcast infrastructure provider in Iceland, actively investing in the development of the country\u2019s connectivity.Enabling Mobile [&hellip;]<\/p>\n","protected":false},"author":1,"featured_media":601,"parent":0,"menu_order":0,"comment_status":"closed","ping_status":"closed","template":"","meta":{"_et_pb_use_builder":"on","_et_pb_old_content":"","_et_gb_content_width":"","footnotes":""},"class_list":["post-700","page","type-page","status-publish","has-post-thumbnail","hentry"],"_links":{"self":[{"href":"https:\/\/islandsturnar.is\/en\/wp-json\/wp\/v2\/pages\/700","targetHints":{"allow":["GET"]}}],"collection":[{"href":"https:\/\/islandsturnar.is\/en\/wp-json\/wp\/v2\/pages"}],"about":[{"href":"https:\/\/islandsturnar.is\/en\/wp-json\/wp\/v2\/types\/page"}],"author":[{"embeddable":true,"href":"https:\/\/islandsturnar.is\/en\/wp-json\/wp\/v2\/users\/1"}],"replies":[{"embeddable":true,"href":"https:\/\/islandsturnar.is\/en\/wp-json\/wp\/v2\/comments?post=700"}],"version-history":[{"count":19,"href":"https:\/\/islandsturnar.is\/en\/wp-json\/wp\/v2\/pages\/700\/revisions"}],"predecessor-version":[{"id":1343,"href":"https:\/\/islandsturnar.is\/en\/wp-json\/wp\/v2\/pages\/700\/revisions\/1343"}],"wp:featuredmedia":[{"embeddable":true,"href":"https:\/\/islandsturnar.is\/en\/wp-json\/wp\/v2\/media\/601"}],"wp:attachment":[{"href":"https:\/\/islandsturnar.is\/en\/wp-json\/wp\/v2\/media?parent=700"}],"curies":[{"name":"wp","href":"https:\/\/api.w.org\/{rel}","templated":true}]}}